{"id":15939,"date":"2023-07-28T08:09:46","date_gmt":"2023-07-28T06:09:46","guid":{"rendered":"http:\/\/www.villatuerta.es\/buzon-de-denuncias\/"},"modified":"2023-07-28T08:22:11","modified_gmt":"2023-07-28T06:22:11","slug":"buzon-de-denuncias","status":"publish","type":"page","link":"http:\/\/www.villatuerta.es\/eu\/buzon-de-denuncias\/","title":{"rendered":"Salaketen postontzia"},"content":{"rendered":"<p>Postontzi honen bidez bidalitako salaketak indarrean dagoen legediaren, kodeen, politiken eta erakunde horren barruan egindako edozein jarduera irregular edo desegokiren aurkakoak izan behar dira.<\/p><h3 class='titulo_den'>Salaketa berria<\/h3><form method='POST' enctype='multipart\/form-data'><div class='form-group'><label for='asunto'>Gaia<span class='required'>*<\/span><\/label><input id='asunto' class='form-control' type='text' name='asunto' value='' \/><\/div><div class='form-group'><p class='form-text text-muted'>Gertaerak ahalik eta zehatzen eta zehatzen deskribatu behar dira, eta egiaztapena errazten duen edozein dokumentazio edo froga-elementu aurkeztu behar da. Informazio sentikorra ematea gomendatzen da, erantsitako fitxategi baten bidez.<\/p><label for='descripcion'>Deskribapen<span class='required'>*<\/span><\/label><textarea id='descripcion' class='form-control' name='descripcion'><\/textarea><\/div><div class='form-group'><label for='adjunto'>Erantsi fitxategia<\/label><input id='adjunto' class='form-control' type='file' name='adjunto' value='' \/><small>Tipos de fichero v\u00e1lidos: jpeg, gif, png, tiff, webp y pdf<\/small><\/div><hr><div class='h4'>Harremanetarako datuak<\/div><p>Konfidentzialtasun osoa gordeko da nortasunari dagokionez. Harremanetarako daturik ematen ez badu, uko egiten dio jakinarazpena jasotzeko eskubideari.<\/p><div class='form-group'><label for='nombre'>Izen-abizenak<\/label><input id='nombre' class='form-control' type='text' name='nombre' value='' \/><\/div><div class='form-group'><label for='email'>Emaila<\/label><input id='email' class='form-control' type='text' name='email' value='' \/><\/div><div class='form-group'><input class='btn btn-default btn-denuncias' type='submit' name='enviar' value='Bidali' \/><\/div><table class='denuncias-lopd'><tbody><tr><th scope='row'>Erantzule<\/th><td>Ayuntamiento de Villatuerta Udala<\/td><\/tr><tr><th scope='row'>Helburu<\/th><td><p>Gesti\u00f3n, tramitaci\u00f3n e investigaci\u00f3n de las comunicaciones que lleguen a trav\u00e9s del canal de denuncias.<\/p><p>Mantenimiento del libro registro con las informaciones recibidas y las investigaciones internas que hayan dado lugar, de conformidad con el art. 26 de la Ley 2\/2023.<\/p><\/td><\/tr><tr><th scope='row'>Legitimazioari<\/th><td><p>Tratamiento necesario para el cumplimiento de una obligaci\u00f3n legal aplicable al responsable de tratamiento (art. 6.1.c RGPD)<\/p><p>Ley 2\/2023, de 20 de febrero, reguladora de la protecci\u00f3n de las personas que informen sobre infracciones normativas y de lucha contra la corrupci\u00f3n.<\/p><\/td><\/tr><tr><th scope='row'>Eskubideak<\/th><td>Acceso, rectificaci\u00f3n, supresi\u00f3n y otros como se indica en la informaci\u00f3n ampliada.<\/td><\/tr><tr><th scope='row'>Informazio gehigarri<\/th><td>La informaci\u00f3n ampliada se puede consultar en el apartado de <a href=\"15113\">Protecci\u00f3n de datos de la web<\/a> o contactando con el delegado de protecci\u00f3n de datos (<a href=\"mailto:alcaldia@villatuerta.es\">alcaldia@villatuerta.es<\/a>)<\/td><\/tr><\/tbody><tfoot><tr><td colspan='2'>Datuen babesari buruzko oinarrizko informazioa<\/td><\/tfoot><\/table><input type='hidden' id='g-recaptcha-response' name='g-recaptcha-response'><input type='hidden' name='action' value='validate_captcha'><\/form><script src='https:\/\/www.google.com\/recaptcha\/api.js?render=6Lc9PjogAAAAACsTC-1tBaARbXGx3GiP-Vzim1NZ'><\/script><script>grecaptcha.ready(function() {\n\t\t \n\t\t grecaptcha.execute('6Lc9PjogAAAAACsTC-1tBaARbXGx3GiP-Vzim1NZ', {action:'validate_captcha'})\n                .then(function(token) {\n\t\t\t document.getElementById('g-recaptcha-response').value = token;\n\t\t });\n    });\n\t<\/script>\n<h3 id='buscador-denuncias' class='titulo_den'>Kontsultatu salaketa-egoera<\/h3><form method='GET' action='\/eu\/wp-json\/wp\/v2\/pages\/15939#buscador-denuncias'><p>Salaketa egin zenuenean mezu elektroniko bat eman bazenuen, sar ezazu eman zitzaizun salaketa-zenbakia<\/p><div class='form-group'><label for='incidencia-email'>Salaketa-kodea \/ Posta elektronikoa:<\/label><input type='text' name='denuncia' id='incidencia-email' class='form-control' value='' \/><\/div><div class='form-group'><input type='submit' class='btn btn-default btn-denuncias' value='Bilatu' \/><\/div><\/form>\n","protected":false},"excerpt":{"rendered":"","protected":false},"author":1,"featured_media":0,"parent":0,"menu_order":0,"comment_status":"closed","ping_status":"closed","template":"templates\/PLANTILLA ANCHO COMPLETO.php","meta":{"_exactmetrics_skip_tracking":false,"_exactmetrics_sitenote_active":false,"_exactmetrics_sitenote_note":"","_exactmetrics_sitenote_category":0,"footnotes":""},"yoast_head":"<!-- This site is optimized with the Yoast SEO plugin v22.3 - https:\/\/yoast.com\/wordpress\/plugins\/seo\/ -->\r\n<title>Salaketen postontzia - Ayuntamiento de Villatuerta Udala<\/title>\r\n<meta name=\"robots\" content=\"index, follow, max-snippet:-1, max-image-preview:large, max-video-preview:-1\" \/>\r\n<link rel=\"canonical\" href=\"http:\/\/www.villatuerta.es\/eu\/buzon-de-denuncias\/\" \/>\r\n<meta property=\"og:locale\" content=\"eu_ES\" \/>\r\n<meta property=\"og:type\" content=\"article\" \/>\r\n<meta property=\"og:title\" content=\"Salaketen postontzia - Ayuntamiento de Villatuerta Udala\" \/>\r\n<meta property=\"og:url\" content=\"http:\/\/www.villatuerta.es\/eu\/buzon-de-denuncias\/\" \/>\r\n<meta property=\"og:site_name\" content=\"Ayuntamiento de Villatuerta Udala\" \/>\r\n<meta property=\"article:modified_time\" content=\"2023-07-28T06:22:11+00:00\" \/>\r\n<meta name=\"twitter:card\" content=\"summary_large_image\" \/>\r\n<meta name=\"twitter:label1\" content=\"Est. reading time\" \/>\n\t<meta name=\"twitter:data1\" content=\"1 minute\" \/>\r\n<script type=\"application\/ld+json\" class=\"yoast-schema-graph\">{\"@context\":\"https:\/\/schema.org\",\"@graph\":[{\"@type\":\"WebPage\",\"@id\":\"http:\/\/www.villatuerta.es\/eu\/buzon-de-denuncias\/\",\"url\":\"http:\/\/www.villatuerta.es\/eu\/buzon-de-denuncias\/\",\"name\":\"Salaketen postontzia - Ayuntamiento de Villatuerta Udala\",\"isPartOf\":{\"@id\":\"http:\/\/www.villatuerta.es\/#website\"},\"datePublished\":\"2023-07-28T06:09:46+00:00\",\"dateModified\":\"2023-07-28T06:22:11+00:00\",\"breadcrumb\":{\"@id\":\"http:\/\/www.villatuerta.es\/eu\/buzon-de-denuncias\/#breadcrumb\"},\"inLanguage\":\"eu-ES\",\"potentialAction\":[{\"@type\":\"ReadAction\",\"target\":[\"http:\/\/www.villatuerta.es\/eu\/buzon-de-denuncias\/\"]}]},{\"@type\":\"BreadcrumbList\",\"@id\":\"http:\/\/www.villatuerta.es\/eu\/buzon-de-denuncias\/#breadcrumb\",\"itemListElement\":[{\"@type\":\"ListItem\",\"position\":1,\"name\":\"Portada\",\"item\":\"http:\/\/www.villatuerta.es\/\"},{\"@type\":\"ListItem\",\"position\":2,\"name\":\"Salaketen postontzia\"}]},{\"@type\":\"WebSite\",\"@id\":\"http:\/\/www.villatuerta.es\/#website\",\"url\":\"http:\/\/www.villatuerta.es\/\",\"name\":\"Ayuntamiento de Villatuerta Udala\",\"description\":\"Otro sitio realizado con WordPress\",\"potentialAction\":[{\"@type\":\"SearchAction\",\"target\":{\"@type\":\"EntryPoint\",\"urlTemplate\":\"http:\/\/www.villatuerta.es\/?s={search_term_string}\"},\"query-input\":\"required name=search_term_string\"}],\"inLanguage\":\"eu-ES\"}]}<\/script>\r\n<!-- \/ Yoast SEO plugin. -->","yoast_head_json":{"title":"Salaketen postontzia - Ayuntamiento de Villatuerta Udala","robots":{"index":"index","follow":"follow","max-snippet":"max-snippet:-1","max-image-preview":"max-image-preview:large","max-video-preview":"max-video-preview:-1"},"canonical":"http:\/\/www.villatuerta.es\/eu\/buzon-de-denuncias\/","og_locale":"eu_ES","og_type":"article","og_title":"Salaketen postontzia - Ayuntamiento de Villatuerta Udala","og_url":"http:\/\/www.villatuerta.es\/eu\/buzon-de-denuncias\/","og_site_name":"Ayuntamiento de Villatuerta Udala","article_modified_time":"2023-07-28T06:22:11+00:00","twitter_card":"summary_large_image","twitter_misc":{"Est. reading time":"1 minute"},"schema":{"@context":"https:\/\/schema.org","@graph":[{"@type":"WebPage","@id":"http:\/\/www.villatuerta.es\/eu\/buzon-de-denuncias\/","url":"http:\/\/www.villatuerta.es\/eu\/buzon-de-denuncias\/","name":"Salaketen postontzia - Ayuntamiento de Villatuerta Udala","isPartOf":{"@id":"http:\/\/www.villatuerta.es\/#website"},"datePublished":"2023-07-28T06:09:46+00:00","dateModified":"2023-07-28T06:22:11+00:00","breadcrumb":{"@id":"http:\/\/www.villatuerta.es\/eu\/buzon-de-denuncias\/#breadcrumb"},"inLanguage":"eu-ES","potentialAction":[{"@type":"ReadAction","target":["http:\/\/www.villatuerta.es\/eu\/buzon-de-denuncias\/"]}]},{"@type":"BreadcrumbList","@id":"http:\/\/www.villatuerta.es\/eu\/buzon-de-denuncias\/#breadcrumb","itemListElement":[{"@type":"ListItem","position":1,"name":"Portada","item":"http:\/\/www.villatuerta.es\/"},{"@type":"ListItem","position":2,"name":"Salaketen postontzia"}]},{"@type":"WebSite","@id":"http:\/\/www.villatuerta.es\/#website","url":"http:\/\/www.villatuerta.es\/","name":"Ayuntamiento de Villatuerta Udala","description":"Otro sitio realizado con WordPress","potentialAction":[{"@type":"SearchAction","target":{"@type":"EntryPoint","urlTemplate":"http:\/\/www.villatuerta.es\/?s={search_term_string}"},"query-input":"required name=search_term_string"}],"inLanguage":"eu-ES"}]}},"_links":{"self":[{"href":"http:\/\/www.villatuerta.es\/eu\/wp-json\/wp\/v2\/pages\/15939"}],"collection":[{"href":"http:\/\/www.villatuerta.es\/eu\/wp-json\/wp\/v2\/pages"}],"about":[{"href":"http:\/\/www.villatuerta.es\/eu\/wp-json\/wp\/v2\/types\/page"}],"author":[{"embeddable":true,"href":"http:\/\/www.villatuerta.es\/eu\/wp-json\/wp\/v2\/users\/1"}],"replies":[{"embeddable":true,"href":"http:\/\/www.villatuerta.es\/eu\/wp-json\/wp\/v2\/comments?post=15939"}],"version-history":[{"count":1,"href":"http:\/\/www.villatuerta.es\/eu\/wp-json\/wp\/v2\/pages\/15939\/revisions"}],"predecessor-version":[{"id":15940,"href":"http:\/\/www.villatuerta.es\/eu\/wp-json\/wp\/v2\/pages\/15939\/revisions\/15940"}],"wp:attachment":[{"href":"http:\/\/www.villatuerta.es\/eu\/wp-json\/wp\/v2\/media?parent=15939"}],"curies":[{"name":"wp","href":"https:\/\/api.w.org\/{rel}","templated":true}]}}